{"id":6945,"date":"2025-10-15T11:11:18","date_gmt":"2025-10-15T09:11:18","guid":{"rendered":"https:\/\/simapro.se\/csvmaker\/"},"modified":"2025-10-16T11:23:10","modified_gmt":"2025-10-16T09:23:10","slug":"csvmaker","status":"publish","type":"page","link":"https:\/\/simapro.se\/fi\/csvmaker\/","title":{"rendered":"CSVmaker \u2013 tehokaampaa LCA-mallinnusta SimaProssa"},"content":{"rendered":"\t\t<div data-elementor-type=\"wp-page\" data-elementor-id=\"6945\" class=\"elementor elementor-6945 elementor-6925\">\n\t\t\t\t\t\t<section class=\"elementor-section elementor-top-section elementor-element elementor-element-188e2f4 elementor-section-boxed elementor-section-height-default elementor-section-height-default\" data-id=\"188e2f4\" data-element_type=\"section\">\n\t\t\t\t\t\t<div class=\"elementor-container elementor-column-gap-default\">\n\t\t\t\t\t<div class=\"elementor-column elementor-col-100 elementor-top-column elementor-element elementor-element-656a032\" data-id=\"656a032\" data-element_type=\"column\">\n\t\t\t<div class=\"elementor-widget-wrap elementor-element-populated\">\n\t\t\t\t\t\t<section class=\"elementor-section elementor-inner-section elementor-element elementor-element-3138a21 elementor-section-boxed elementor-section-height-default elementor-section-height-default\" data-id=\"3138a21\" data-element_type=\"section\">\n\t\t\t\t\t\t<div class=\"elementor-container elementor-column-gap-default\">\n\t\t\t\t\t<div class=\"elementor-column elementor-col-50 elementor-inner-column elementor-element elementor-element-b675c9e\" data-id=\"b675c9e\" data-element_type=\"column\">\n\t\t\t<div class=\"elementor-widget-wrap elementor-element-populated\">\n\t\t\t\t\t\t<div class=\"elementor-element elementor-element-4c7a6de elementor-widget elementor-widget-text-editor\" data-id=\"4c7a6de\" data-element_type=\"widget\" data-widget_type=\"text-editor.default\">\n\t\t\t\t<div class=\"elementor-widget-container\">\n\t\t\t\t\t\t\t<p><strong>Suurten datam\u00e4\u00e4rien sy\u00f6tt\u00e4minen ohjelmaan k\u00e4sin vie paljon aikaa ja tuottaa my\u00f6s helposti virheit\u00e4. CSVmaker on ty\u00f6kalu, jonka avulla ty\u00f6skentely on nopeampaa, sujuvampaa ja skaalautuvaa. <\/strong><\/p>\t\t\t\t\t\t<\/div>\n\t\t\t\t<\/div>\n\t\t\t\t<div class=\"elementor-element elementor-element-99a3f8d elementor-widget__width-initial elementor-widget elementor-widget-text-editor\" data-id=\"99a3f8d\" data-element_type=\"widget\" data-widget_type=\"text-editor.default\">\n\t\t\t\t<div class=\"elementor-widget-container\">\n\t\t\t\t\t\t\t<p data-start=\"248\" data-end=\"534\">CSVmaker on Excel-makro, joka muuntaa elinkaari-inventaarion (LCI) datan Excelist\u00e4 .CSV-tiedostoiksi, jotka voi tuoda suoraan SimaPro-ohjelmaan. Ty\u00f6kalu on erityisen hy\u00f6dyllinen suurten j\u00e4rjestelmien, monimutkaisten mallien tai useiden toimittajien datan k\u00e4sittelyss\u00e4, kuten Scope 3 -analyyseiss\u00e4.<\/p><p data-start=\"753\" data-end=\"930\">Makro on helppo tuottaa yhdell\u00e4 klikkauksella sen j\u00e4lkeen, kun olet rakentanut datasi m\u00e4\u00e4r\u00e4ttyyn Excel-muotoon. CSVmaker luo automaattisesti sek\u00e4 ohjelmaan tuotavan tiedoston ett\u00e4 tarkistustiedoston. Voit prosessin aikana my\u00f6s lis\u00e4t\u00e4 metatietoja, parametreja ja ep\u00e4varmuusarvoja, mik\u00e4 tekee mallista entist\u00e4 joustavamman ja l\u00e4pin\u00e4kyv\u00e4mm\u00e4n.  <\/p><p data-start=\"932\" data-end=\"956\"><b>Mihin CSVmaker sopii?<br><\/b>CSVmaker on tehokas ty\u00f6kalu LCA-projekteissa, jotka:<\/p><ul data-start=\"1013\" data-end=\"1229\"><li data-start=\"1013\" data-end=\"1070\"><p data-start=\"1015\" data-end=\"1070\">k\u00e4sittelev\u00e4t monia tuotteita, komponentteja tai prosesseja<\/p><\/li><li data-start=\"1071\" data-end=\"1117\"><p data-start=\"1073\" data-end=\"1117\">edellytt\u00e4v\u00e4t yksityiskohtaisia Scope 3 -malleja<\/p><\/li><li data-start=\"1118\" data-end=\"1174\"><p data-start=\"1120\" data-end=\"1174\">k\u00e4sittelev\u00e4t hankintadataa tai laajoja toimittajaluetteloita<\/p><\/li><li data-start=\"1175\" data-end=\"1229\"><p data-start=\"1177\" data-end=\"1229\">tavoittelevat automatisoitua tietojen sy\u00f6tt\u00e4mist\u00e4 ja virheiden riskin v\u00e4hent\u00e4mist\u00e4.<\/p><\/li><\/ul><p data-start=\"1231\" data-end=\"1385\">Me Milj\u00f6giraffilla k\u00e4yt\u00e4mme ty\u00f6kalua usein yhdess\u00e4 Power Queryn kanssa muuntaaksemme raakadatan valmiiksi, rakenteellisiksi SimaPro-malleiksi.<\/p>\t\t\t\t\t\t<\/div>\n\t\t\t\t<\/div>\n\t\t\t\t\t<\/div>\n\t\t<\/div>\n\t\t\t\t<div class=\"elementor-column elementor-col-50 elementor-inner-column elementor-element elementor-element-e044fe0\" data-id=\"e044fe0\" data-element_type=\"column\">\n\t\t\t<div class=\"elementor-widget-wrap elementor-element-populated\">\n\t\t\t\t\t\t<div class=\"elementor-element elementor-element-3e0d2fb elementor-widget elementor-widget-spacer\" data-id=\"3e0d2fb\" data-element_type=\"widget\" data-widget_type=\"spacer.default\">\n\t\t\t\t<div class=\"elementor-widget-container\">\n\t\t\t\t\t<div class=\"elementor-spacer\">\n\t\t\t<div class=\"elementor-spacer-inner\"><\/div>\n\t\t<\/div>\n\t\t\t\t<\/div>\n\t\t\t\t<\/div>\n\t\t\t\t<div class=\"elementor-element elementor-element-92cabd1 elementor-widget__width-initial elementor-widget elementor-widget-image\" data-id=\"92cabd1\" data-element_type=\"widget\" data-widget_type=\"image.default\">\n\t\t\t\t<div class=\"elementor-widget-container\">\n\t\t\t\t\t\t\t\t\t\t\t\t\t<img data-rjs=\"2\" fetchpriority=\"high\" decoding=\"async\" width=\"783\" height=\"1024\" src=\"https:\/\/simapro.se\/wp-content\/uploads\/2025\/10\/20251015_1323_Spreadsheet-to-Diagram_simple_compose_01k7ksqhmzfjw9h86a8dx1scg8.png\" class=\"attachment-large size-large wp-image-6950\" alt=\"\" srcset=\"https:\/\/simapro.se\/wp-content\/uploads\/2025\/10\/20251015_1323_Spreadsheet-to-Diagram_simple_compose_01k7ksqhmzfjw9h86a8dx1scg8.png 783w, https:\/\/simapro.se\/wp-content\/uploads\/2025\/10\/20251015_1323_Spreadsheet-to-Diagram_simple_compose_01k7ksqhmzfjw9h86a8dx1scg8-229x300.png 229w, https:\/\/simapro.se\/wp-content\/uploads\/2025\/10\/20251015_1323_Spreadsheet-to-Diagram_simple_compose_01k7ksqhmzfjw9h86a8dx1scg8-768x1004.png 768w, https:\/\/simapro.se\/wp-content\/uploads\/2025\/10\/20251015_1323_Spreadsheet-to-Diagram_simple_compose_01k7ksqhmzfjw9h86a8dx1scg8-34x45.png 34w, https:\/\/simapro.se\/wp-content\/uploads\/2025\/10\/20251015_1323_Spreadsheet-to-Diagram_simple_compose_01k7ksqhmzfjw9h86a8dx1scg8-61x80.png 61w, https:\/\/simapro.se\/wp-content\/uploads\/2025\/10\/20251015_1323_Spreadsheet-to-Diagram_simple_compose_01k7ksqhmzfjw9h86a8dx1scg8-232x303.png 232w, https:\/\/simapro.se\/wp-content\/uploads\/2025\/10\/20251015_1323_Spreadsheet-to-Diagram_simple_compose_01k7ksqhmzfjw9h86a8dx1scg8-535x700.png 535w, https:\/\/simapro.se\/wp-content\/uploads\/2025\/10\/20251015_1323_Spreadsheet-to-Diagram_simple_compose_01k7ksqhmzfjw9h86a8dx1scg8-726x950.png 726w\" sizes=\"(max-width: 783px) 100vw, 783px\" \/>\t\t\t\t\t\t\t\t\t\t\t\t\t<\/div>\n\t\t\t\t<\/div>\n\t\t\t\t\t<\/div>\n\t\t<\/div>\n\t\t\t\t\t<\/div>\n\t\t<\/section>\n\t\t\t\t<div class=\"elementor-element elementor-element-cbd9d58 elementor-widget elementor-widget-spacer\" data-id=\"cbd9d58\" data-element_type=\"widget\" data-widget_type=\"spacer.default\">\n\t\t\t\t<div class=\"elementor-widget-container\">\n\t\t\t\t\t<div class=\"elementor-spacer\">\n\t\t\t<div class=\"elementor-spacer-inner\"><\/div>\n\t\t<\/div>\n\t\t\t\t<\/div>\n\t\t\t\t<\/div>\n\t\t\t\t\t<\/div>\n\t\t<\/div>\n\t\t\t\t\t<\/div>\n\t\t<\/section>\n\t\t\t\t<section class=\"elementor-section elementor-top-section elementor-element elementor-element-717af32 elementor-section-boxed elementor-section-height-default elementor-section-height-default\" data-id=\"717af32\" data-element_type=\"section\">\n\t\t\t\t\t\t<div class=\"elementor-container elementor-column-gap-default\">\n\t\t\t\t\t<div class=\"elementor-column elementor-col-100 elementor-top-column elementor-element elementor-element-84b1e39\" data-id=\"84b1e39\" data-element_type=\"column\" data-settings=\"{&quot;background_background&quot;:&quot;classic&quot;}\">\n\t\t\t<div class=\"elementor-widget-wrap elementor-element-populated\">\n\t\t\t\t\t\t<section class=\"elementor-section elementor-inner-section elementor-element elementor-element-50986fe elementor-section-boxed elementor-section-height-default elementor-section-height-default\" data-id=\"50986fe\" data-element_type=\"section\">\n\t\t\t\t\t\t<div class=\"elementor-container elementor-column-gap-default\">\n\t\t\t\t\t<div class=\"elementor-column elementor-col-50 elementor-inner-column elementor-element elementor-element-72dbf50\" data-id=\"72dbf50\" data-element_type=\"column\">\n\t\t\t<div class=\"elementor-widget-wrap elementor-element-populated\">\n\t\t\t\t\t\t<div class=\"elementor-element elementor-element-d914b19 elementor-widget elementor-widget-heading\" data-id=\"d914b19\" data-element_type=\"widget\" data-widget_type=\"heading.default\">\n\t\t\t\t<div class=\"elementor-widget-container\">\n\t\t\t<h2 class=\"elementor-heading-title elementor-size-default\">Ostaminen<\/h2>\t\t<\/div>\n\t\t\t\t<\/div>\n\t\t\t\t<div class=\"elementor-element elementor-element-672b3d2 elementor-widget elementor-widget-text-editor\" data-id=\"672b3d2\" data-element_type=\"widget\" data-widget_type=\"text-editor.default\">\n\t\t\t\t<div class=\"elementor-widget-container\">\n\t\t\t\t\t\t\t<p>CSVmaker-ty\u00f6kalu sis\u00e4lt\u00e4\u00e4 makron, selke\u00e4t k\u00e4ytt\u00f6ohjeet sek\u00e4 tulevat p\u00e4ivitykset. Lisenssi on voimassa koko organisaatiolle, eik\u00e4 k\u00e4ytt\u00e4jien m\u00e4\u00e4r\u00e4\u00e4 ole rajoitettu. Tuote on ostettavissa tanskalaiselta 2.-0 LCA Consultants -yritykselt\u00e4, joka on yhteisty\u00f6kumppanimme.   <\/p>\t\t\t\t\t\t<\/div>\n\t\t\t\t<\/div>\n\t\t\t\t<div class=\"elementor-element elementor-element-76729cd elementor-widget elementor-widget-button\" data-id=\"76729cd\" data-element_type=\"widget\" data-widget_type=\"button.default\">\n\t\t\t\t<div class=\"elementor-widget-container\">\n\t\t\t\t\t\t\t<div class=\"elementor-button-wrapper\">\n\t\t\t\t\t<a class=\"elementor-button elementor-button-link elementor-size-sm\" href=\"https:\/\/2-0-lca.com\/tools\/simapro\/csvmaker\/\">\n\t\t\t\t\t\t<span class=\"elementor-button-content-wrapper\">\n\t\t\t\t\t\t\t\t\t<span class=\"elementor-button-text\">Ota yhteytt\u00e4 toimittajaan<\/span>\n\t\t\t\t\t<\/span>\n\t\t\t\t\t<\/a>\n\t\t\t\t<\/div>\n\t\t\t\t\t\t<\/div>\n\t\t\t\t<\/div>\n\t\t\t\t\t<\/div>\n\t\t<\/div>\n\t\t\t\t<div class=\"elementor-column elementor-col-50 elementor-inner-column elementor-element elementor-element-63663bc\" data-id=\"63663bc\" data-element_type=\"column\">\n\t\t\t<div class=\"elementor-widget-wrap elementor-element-populated\">\n\t\t\t\t\t\t<div class=\"elementor-element elementor-element-f478952 elementor-widget elementor-widget-heading\" data-id=\"f478952\" data-element_type=\"widget\" data-widget_type=\"heading.default\">\n\t\t\t\t<div class=\"elementor-widget-container\">\n\t\t\t<h2 class=\"elementor-heading-title elementor-size-default\">Valmennus<\/h2>\t\t<\/div>\n\t\t\t\t<\/div>\n\t\t\t\t<div class=\"elementor-element elementor-element-0cbe5c9 elementor-widget elementor-widget-text-editor\" data-id=\"0cbe5c9\" data-element_type=\"widget\" data-widget_type=\"text-editor.default\">\n\t\t\t\t<div class=\"elementor-widget-container\">\n\t\t\t\t\t\t\t<p>Me Milj\u00f6giraffilla pid\u00e4mme CSVmaker-ty\u00f6kalua arvokkaana lis\u00e4n\u00e4 SimaPro Craftiin k\u00e4ytt\u00e4jille ja haluamme varmistaa, ett\u00e4 kaikilla kiinnostuneilla on mahdollisuus k\u00e4ytt\u00e4\u00e4 sit\u00e4. Kehit\u00e4mme parhaillamme CSVmaker-kurssia, jonka on tarkoitus valmistua vuoden 2026 alun aikana. Voit ilmoittaa kiinnostuksesi jo nyt alla olevan linkin kautta. <\/p>\t\t\t\t\t\t<\/div>\n\t\t\t\t<\/div>\n\t\t\t\t<div class=\"elementor-element elementor-element-e824b63 elementor-widget elementor-widget-button\" data-id=\"e824b63\" data-element_type=\"widget\" data-widget_type=\"button.default\">\n\t\t\t\t<div class=\"elementor-widget-container\">\n\t\t\t\t\t\t\t<div class=\"elementor-button-wrapper\">\n\t\t\t\t\t<a class=\"elementor-button elementor-button-link elementor-size-sm\" href=\"https:\/\/forms.office.com\/Pages\/ResponsePage.aspx?id=-H2qWcRYnUOw0d0YUahrD64VodLrpSdGvmaozTwXcG1UQktIOEFNVjkzVlRENlhXRzcxQ1VVOUoyRC4u\">\n\t\t\t\t\t\t<span class=\"elementor-button-content-wrapper\">\n\t\t\t\t\t\t\t\t\t<span class=\"elementor-button-text\">Ilmoita kiinnostuksesi valmennukseen<\/span>\n\t\t\t\t\t<\/span>\n\t\t\t\t\t<\/a>\n\t\t\t\t<\/div>\n\t\t\t\t\t\t<\/div>\n\t\t\t\t<\/div>\n\t\t\t\t\t<\/div>\n\t\t<\/div>\n\t\t\t\t\t<\/div>\n\t\t<\/section>\n\t\t\t\t\t<\/div>\n\t\t<\/div>\n\t\t\t\t\t<\/div>\n\t\t<\/section>\n\t\t\t\t<section class=\"elementor-section elementor-top-section elementor-element elementor-element-605fda6 elementor-section-boxed elementor-section-height-default elementor-section-height-default\" data-id=\"605fda6\" data-element_type=\"section\">\n\t\t\t\t\t\t<div class=\"elementor-container elementor-column-gap-default\">\n\t\t\t\t\t<div class=\"elementor-column elementor-col-100 elementor-top-column elementor-element elementor-element-73e2445\" data-id=\"73e2445\" data-element_type=\"column\">\n\t\t\t<div class=\"elementor-widget-wrap elementor-element-populated\">\n\t\t\t\t\t\t<div class=\"elementor-element elementor-element-0051b79 elementor-widget elementor-widget-spacer\" data-id=\"0051b79\" data-element_type=\"widget\" data-widget_type=\"spacer.default\">\n\t\t\t\t<div class=\"elementor-widget-container\">\n\t\t\t\t\t<div class=\"elementor-spacer\">\n\t\t\t<div class=\"elementor-spacer-inner\"><\/div>\n\t\t<\/div>\n\t\t\t\t<\/div>\n\t\t\t\t<\/div>\n\t\t\t\t<section class=\"elementor-section elementor-inner-section elementor-element elementor-element-57d2edb elementor-section-boxed elementor-section-height-default elementor-section-height-default\" data-id=\"57d2edb\" data-element_type=\"section\">\n\t\t\t\t\t\t<div class=\"elementor-container elementor-column-gap-default\">\n\t\t\t\t\t<div class=\"elementor-column elementor-col-50 elementor-inner-column elementor-element elementor-element-014d318\" data-id=\"014d318\" data-element_type=\"column\">\n\t\t\t<div class=\"elementor-widget-wrap elementor-element-populated\">\n\t\t\t\t\t\t<div class=\"elementor-element elementor-element-7c9fd9c elementor-widget elementor-widget-heading\" data-id=\"7c9fd9c\" data-element_type=\"widget\" data-widget_type=\"heading.default\">\n\t\t\t\t<div class=\"elementor-widget-container\">\n\t\t\t<h2 class=\"elementor-heading-title elementor-size-default\">Kehitt\u00e4jin\u00e4 2.-0 LCA Consultants<\/h2>\t\t<\/div>\n\t\t\t\t<\/div>\n\t\t\t\t<div class=\"elementor-element elementor-element-71a61dc elementor-widget elementor-widget-text-editor\" data-id=\"71a61dc\" data-element_type=\"widget\" data-widget_type=\"text-editor.default\">\n\t\t\t\t<div class=\"elementor-widget-container\">\n\t\t\t\t\t\t\t<p data-start=\"204\" data-end=\"590\">CSVmaker-ty\u00f6kalun on kehitt\u00e4nyt Tanskan Aalborgissa toimiva konsulttiyritys <strong data-start=\"231\" data-end=\"254\">2.-0 LCA Consultants<\/strong>. Yritys on yksi johtavista elinkaarianalyyseihin (LCA) erikoistuneista asiantuntijatoimitoista. Heill\u00e4 on yli 20 vuoden kokemus tieteellisesti vahvojen menetelmien ja ty\u00f6kalujen kehitt\u00e4misest\u00e4. Milj\u00f6giraff tavoin he ovat my\u00f6s osa globaalia SimaPro-kumppaniverkostoa. <\/p><p data-start=\"592\" data-end=\"768\">Milj\u00f6giraff on virallinen SimaPro-j\u00e4lleenmyyj\u00e4 ja teemme yhteisty\u00f6t\u00e4 tanskalaisten kollegojemme kanssa tarjotaksemme CSVmakerin Suomessa ja Ruotsissa toimivien asiakkaidemme saataville paikallisiin tarpeisiin r\u00e4\u00e4t\u00e4l\u00f6ityn\u00e4.<\/p>\t\t\t\t\t\t<\/div>\n\t\t\t\t<\/div>\n\t\t\t\t\t<\/div>\n\t\t<\/div>\n\t\t\t\t<div class=\"elementor-column elementor-col-50 elementor-inner-column elementor-element elementor-element-0acee50\" data-id=\"0acee50\" data-element_type=\"column\">\n\t\t\t<div class=\"elementor-widget-wrap elementor-element-populated\">\n\t\t\t\t\t\t<div class=\"elementor-element elementor-element-1753e46 elementor-widget elementor-widget-image\" data-id=\"1753e46\" data-element_type=\"widget\" data-widget_type=\"image.default\">\n\t\t\t\t<div class=\"elementor-widget-container\">\n\t\t\t\t\t\t\t\t\t\t\t\t\t<img data-rjs=\"2\" decoding=\"async\" width=\"200\" height=\"200\" data-src=\"https:\/\/simapro.se\/wp-content\/uploads\/2025\/10\/images.jpg\" class=\"attachment-large size-large wp-image-6935 lazyload\" alt=\"\" data-srcset=\"https:\/\/simapro.se\/wp-content\/uploads\/2025\/10\/images.jpg 200w, https:\/\/simapro.se\/wp-content\/uploads\/2025\/10\/images-150x150.jpg 150w, https:\/\/simapro.se\/wp-content\/uploads\/2025\/10\/images-45x45.jpg 45w, https:\/\/simapro.se\/wp-content\/uploads\/2025\/10\/images-80x80.jpg 80w\" data-sizes=\"(max-width: 200px) 100vw, 200px\" src=\"data:image\/svg+xml;base64,PHN2ZyB3aWR0aD0iMSIgaGVpZ2h0PSIxIiB4bWxucz0iaHR0cDovL3d3dy53My5vcmcvMjAwMC9zdmciPjwvc3ZnPg==\" style=\"--smush-placeholder-width: 200px; --smush-placeholder-aspect-ratio: 200\/200;\" \/>\t\t\t\t\t\t\t\t\t\t\t\t\t<\/div>\n\t\t\t\t<\/div>\n\t\t\t\t\t<\/div>\n\t\t<\/div>\n\t\t\t\t\t<\/div>\n\t\t<\/section>\n\t\t\t\t\t<\/div>\n\t\t<\/div>\n\t\t\t\t\t<\/div>\n\t\t<\/section>\n\t\t\t\t<\/div>\n\t\t","protected":false},"excerpt":{"rendered":"<p>Suurten datam\u00e4\u00e4rien sy\u00f6tt\u00e4minen ohjelmaan k\u00e4sin vie paljon aikaa ja tuottaa my\u00f6s helposti virheit\u00e4. CSVmaker on ty\u00f6kalu, jonka avulla ty\u00f6skentely on nopeampaa, sujuvampaa ja skaalautuvaa. CSVmaker on Excel-makro, joka muuntaa elinkaari-inventaarion (LCI) datan Excelist\u00e4 .CSV-tiedostoiksi, jotka voi tuoda suoraan SimaPro-ohjelmaan. Ty\u00f6kalu &hellip; <a href=\"https:\/\/simapro.se\/fi\/csvmaker\/\">Read More<\/a><\/p>\n","protected":false},"author":13,"featured_media":0,"parent":0,"menu_order":0,"comment_status":"closed","ping_status":"closed","template":"","meta":{"footnotes":""},"class_list":["post-6945","page","type-page","status-publish","hentry"],"yoast_head":"<!-- This site is optimized with the Yoast SEO plugin v27.5 - https:\/\/yoast.com\/product\/yoast-seo-wordpress\/ -->\n<title>CSVmaker \u2013 tehokaampaa LCA-mallinnusta SimaProssa - SimaPro<\/title>\n<meta name=\"robots\" content=\"index, follow, max-snippet:-1, max-image-preview:large, max-video-preview:-1\" \/>\n<link rel=\"canonical\" href=\"https:\/\/simapro.se\/fi\/csvmaker\/\" \/>\n<meta property=\"og:locale\" content=\"fi_FI\" \/>\n<meta property=\"og:type\" content=\"article\" \/>\n<meta property=\"og:title\" content=\"CSVmaker \u2013 tehokaampaa LCA-mallinnusta SimaProssa - SimaPro\" \/>\n<meta property=\"og:description\" content=\"Suurten datam\u00e4\u00e4rien sy\u00f6tt\u00e4minen ohjelmaan k\u00e4sin vie paljon aikaa ja tuottaa my\u00f6s helposti virheit\u00e4. CSVmaker on ty\u00f6kalu, jonka avulla ty\u00f6skentely on nopeampaa, sujuvampaa ja skaalautuvaa. CSVmaker on Excel-makro, joka muuntaa elinkaari-inventaarion (LCI) datan Excelist\u00e4 .CSV-tiedostoiksi, jotka voi tuoda suoraan SimaPro-ohjelmaan. Ty\u00f6kalu &hellip; Read More\" \/>\n<meta property=\"og:url\" content=\"https:\/\/simapro.se\/fi\/csvmaker\/\" \/>\n<meta property=\"og:site_name\" content=\"SimaPro\" \/>\n<meta property=\"article:modified_time\" content=\"2025-10-16T09:23:10+00:00\" \/>\n<meta property=\"og:image\" content=\"https:\/\/simapro.se\/wp-content\/uploads\/2025\/10\/20251015_1323_Spreadsheet-to-Diagram_simple_compose_01k7ksqhmzfjw9h86a8dx1scg8.png\" \/>\n\t<meta property=\"og:image:width\" content=\"783\" \/>\n\t<meta property=\"og:image:height\" content=\"1024\" \/>\n\t<meta property=\"og:image:type\" content=\"image\/png\" \/>\n<meta name=\"twitter:card\" content=\"summary_large_image\" \/>\n<meta name=\"twitter:label1\" content=\"Arvioitu lukuaika\" \/>\n\t<meta name=\"twitter:data1\" content=\"2 minuuttia\" \/>\n<script type=\"application\/ld+json\" class=\"yoast-schema-graph\">{\"@context\":\"https:\\\/\\\/schema.org\",\"@graph\":[{\"@type\":\"WebPage\",\"@id\":\"https:\\\/\\\/simapro.se\\\/fi\\\/csvmaker\\\/\",\"url\":\"https:\\\/\\\/simapro.se\\\/fi\\\/csvmaker\\\/\",\"name\":\"CSVmaker \u2013 tehokaampaa LCA-mallinnusta SimaProssa - SimaPro\",\"isPartOf\":{\"@id\":\"https:\\\/\\\/simapro.se\\\/#website\"},\"primaryImageOfPage\":{\"@id\":\"https:\\\/\\\/simapro.se\\\/fi\\\/csvmaker\\\/#primaryimage\"},\"image\":{\"@id\":\"https:\\\/\\\/simapro.se\\\/fi\\\/csvmaker\\\/#primaryimage\"},\"thumbnailUrl\":\"https:\\\/\\\/simapro.se\\\/wp-content\\\/uploads\\\/2025\\\/10\\\/20251015_1323_Spreadsheet-to-Diagram_simple_compose_01k7ksqhmzfjw9h86a8dx1scg8.png\",\"datePublished\":\"2025-10-15T09:11:18+00:00\",\"dateModified\":\"2025-10-16T09:23:10+00:00\",\"breadcrumb\":{\"@id\":\"https:\\\/\\\/simapro.se\\\/fi\\\/csvmaker\\\/#breadcrumb\"},\"inLanguage\":\"fi\",\"potentialAction\":[{\"@type\":\"ReadAction\",\"target\":[\"https:\\\/\\\/simapro.se\\\/fi\\\/csvmaker\\\/\"]}]},{\"@type\":\"ImageObject\",\"inLanguage\":\"fi\",\"@id\":\"https:\\\/\\\/simapro.se\\\/fi\\\/csvmaker\\\/#primaryimage\",\"url\":\"https:\\\/\\\/simapro.se\\\/wp-content\\\/uploads\\\/2025\\\/10\\\/20251015_1323_Spreadsheet-to-Diagram_simple_compose_01k7ksqhmzfjw9h86a8dx1scg8.png\",\"contentUrl\":\"https:\\\/\\\/simapro.se\\\/wp-content\\\/uploads\\\/2025\\\/10\\\/20251015_1323_Spreadsheet-to-Diagram_simple_compose_01k7ksqhmzfjw9h86a8dx1scg8.png\"},{\"@type\":\"BreadcrumbList\",\"@id\":\"https:\\\/\\\/simapro.se\\\/fi\\\/csvmaker\\\/#breadcrumb\",\"itemListElement\":[{\"@type\":\"ListItem\",\"position\":1,\"name\":\"Hem\",\"item\":\"https:\\\/\\\/simapro.se\\\/fi\\\/startsida\\\/\"},{\"@type\":\"ListItem\",\"position\":2,\"name\":\"CSVmaker \u2013 tehokaampaa LCA-mallinnusta SimaProssa\"}]},{\"@type\":\"WebSite\",\"@id\":\"https:\\\/\\\/simapro.se\\\/#website\",\"url\":\"https:\\\/\\\/simapro.se\\\/\",\"name\":\"SimaPro\",\"description\":\"Mjukvara f\u00f6r milj\u00f6bed\u00f6mning\",\"publisher\":{\"@id\":\"https:\\\/\\\/simapro.se\\\/#organization\"},\"potentialAction\":[{\"@type\":\"SearchAction\",\"target\":{\"@type\":\"EntryPoint\",\"urlTemplate\":\"https:\\\/\\\/simapro.se\\\/?s={search_term_string}\"},\"query-input\":{\"@type\":\"PropertyValueSpecification\",\"valueRequired\":true,\"valueName\":\"search_term_string\"}}],\"inLanguage\":\"fi\"},{\"@type\":\"Organization\",\"@id\":\"https:\\\/\\\/simapro.se\\\/#organization\",\"name\":\"SimaPro\",\"url\":\"https:\\\/\\\/simapro.se\\\/\",\"logo\":{\"@type\":\"ImageObject\",\"inLanguage\":\"fi\",\"@id\":\"https:\\\/\\\/simapro.se\\\/#\\\/schema\\\/logo\\\/image\\\/\",\"url\":\"https:\\\/\\\/simapro.se\\\/wp-content\\\/uploads\\\/2020\\\/09\\\/s.png\",\"contentUrl\":\"https:\\\/\\\/simapro.se\\\/wp-content\\\/uploads\\\/2020\\\/09\\\/s.png\",\"width\":500,\"height\":542,\"caption\":\"SimaPro\"},\"image\":{\"@id\":\"https:\\\/\\\/simapro.se\\\/#\\\/schema\\\/logo\\\/image\\\/\"}}]}<\/script>\n<!-- \/ Yoast SEO plugin. -->","yoast_head_json":{"title":"CSVmaker \u2013 tehokaampaa LCA-mallinnusta SimaProssa - SimaPro","robots":{"index":"index","follow":"follow","max-snippet":"max-snippet:-1","max-image-preview":"max-image-preview:large","max-video-preview":"max-video-preview:-1"},"canonical":"https:\/\/simapro.se\/fi\/csvmaker\/","og_locale":"fi_FI","og_type":"article","og_title":"CSVmaker \u2013 tehokaampaa LCA-mallinnusta SimaProssa - SimaPro","og_description":"Suurten datam\u00e4\u00e4rien sy\u00f6tt\u00e4minen ohjelmaan k\u00e4sin vie paljon aikaa ja tuottaa my\u00f6s helposti virheit\u00e4. CSVmaker on ty\u00f6kalu, jonka avulla ty\u00f6skentely on nopeampaa, sujuvampaa ja skaalautuvaa. CSVmaker on Excel-makro, joka muuntaa elinkaari-inventaarion (LCI) datan Excelist\u00e4 .CSV-tiedostoiksi, jotka voi tuoda suoraan SimaPro-ohjelmaan. Ty\u00f6kalu &hellip; Read More","og_url":"https:\/\/simapro.se\/fi\/csvmaker\/","og_site_name":"SimaPro","article_modified_time":"2025-10-16T09:23:10+00:00","og_image":[{"width":783,"height":1024,"url":"https:\/\/simapro.se\/wp-content\/uploads\/2025\/10\/20251015_1323_Spreadsheet-to-Diagram_simple_compose_01k7ksqhmzfjw9h86a8dx1scg8.png","type":"image\/png"}],"twitter_card":"summary_large_image","twitter_misc":{"Arvioitu lukuaika":"2 minuuttia"},"schema":{"@context":"https:\/\/schema.org","@graph":[{"@type":"WebPage","@id":"https:\/\/simapro.se\/fi\/csvmaker\/","url":"https:\/\/simapro.se\/fi\/csvmaker\/","name":"CSVmaker \u2013 tehokaampaa LCA-mallinnusta SimaProssa - SimaPro","isPartOf":{"@id":"https:\/\/simapro.se\/#website"},"primaryImageOfPage":{"@id":"https:\/\/simapro.se\/fi\/csvmaker\/#primaryimage"},"image":{"@id":"https:\/\/simapro.se\/fi\/csvmaker\/#primaryimage"},"thumbnailUrl":"https:\/\/simapro.se\/wp-content\/uploads\/2025\/10\/20251015_1323_Spreadsheet-to-Diagram_simple_compose_01k7ksqhmzfjw9h86a8dx1scg8.png","datePublished":"2025-10-15T09:11:18+00:00","dateModified":"2025-10-16T09:23:10+00:00","breadcrumb":{"@id":"https:\/\/simapro.se\/fi\/csvmaker\/#breadcrumb"},"inLanguage":"fi","potentialAction":[{"@type":"ReadAction","target":["https:\/\/simapro.se\/fi\/csvmaker\/"]}]},{"@type":"ImageObject","inLanguage":"fi","@id":"https:\/\/simapro.se\/fi\/csvmaker\/#primaryimage","url":"https:\/\/simapro.se\/wp-content\/uploads\/2025\/10\/20251015_1323_Spreadsheet-to-Diagram_simple_compose_01k7ksqhmzfjw9h86a8dx1scg8.png","contentUrl":"https:\/\/simapro.se\/wp-content\/uploads\/2025\/10\/20251015_1323_Spreadsheet-to-Diagram_simple_compose_01k7ksqhmzfjw9h86a8dx1scg8.png"},{"@type":"BreadcrumbList","@id":"https:\/\/simapro.se\/fi\/csvmaker\/#breadcrumb","itemListElement":[{"@type":"ListItem","position":1,"name":"Hem","item":"https:\/\/simapro.se\/fi\/startsida\/"},{"@type":"ListItem","position":2,"name":"CSVmaker \u2013 tehokaampaa LCA-mallinnusta SimaProssa"}]},{"@type":"WebSite","@id":"https:\/\/simapro.se\/#website","url":"https:\/\/simapro.se\/","name":"SimaPro","description":"Mjukvara f\u00f6r milj\u00f6bed\u00f6mning","publisher":{"@id":"https:\/\/simapro.se\/#organization"},"potentialAction":[{"@type":"SearchAction","target":{"@type":"EntryPoint","urlTemplate":"https:\/\/simapro.se\/?s={search_term_string}"},"query-input":{"@type":"PropertyValueSpecification","valueRequired":true,"valueName":"search_term_string"}}],"inLanguage":"fi"},{"@type":"Organization","@id":"https:\/\/simapro.se\/#organization","name":"SimaPro","url":"https:\/\/simapro.se\/","logo":{"@type":"ImageObject","inLanguage":"fi","@id":"https:\/\/simapro.se\/#\/schema\/logo\/image\/","url":"https:\/\/simapro.se\/wp-content\/uploads\/2020\/09\/s.png","contentUrl":"https:\/\/simapro.se\/wp-content\/uploads\/2020\/09\/s.png","width":500,"height":542,"caption":"SimaPro"},"image":{"@id":"https:\/\/simapro.se\/#\/schema\/logo\/image\/"}}]}},"_links":{"self":[{"href":"https:\/\/simapro.se\/fi\/wp-json\/wp\/v2\/pages\/6945","targetHints":{"allow":["GET"]}}],"collection":[{"href":"https:\/\/simapro.se\/fi\/wp-json\/wp\/v2\/pages"}],"about":[{"href":"https:\/\/simapro.se\/fi\/wp-json\/wp\/v2\/types\/page"}],"author":[{"embeddable":true,"href":"https:\/\/simapro.se\/fi\/wp-json\/wp\/v2\/users\/13"}],"replies":[{"embeddable":true,"href":"https:\/\/simapro.se\/fi\/wp-json\/wp\/v2\/comments?post=6945"}],"version-history":[{"count":5,"href":"https:\/\/simapro.se\/fi\/wp-json\/wp\/v2\/pages\/6945\/revisions"}],"predecessor-version":[{"id":6975,"href":"https:\/\/simapro.se\/fi\/wp-json\/wp\/v2\/pages\/6945\/revisions\/6975"}],"wp:attachment":[{"href":"https:\/\/simapro.se\/fi\/wp-json\/wp\/v2\/media?parent=6945"}],"curies":[{"name":"wp","href":"https:\/\/api.w.org\/{rel}","templated":true}]}}